{"id":200,"date":"2016-12-06T10:27:12","date_gmt":"2016-12-06T09:27:12","guid":{"rendered":"https:\/\/eqwomediahouse.com\/impressum\/"},"modified":"2025-01-21T12:08:10","modified_gmt":"2025-01-21T11:08:10","slug":"impressum","status":"publish","type":"page","link":"https:\/\/eqwomediahouse.com\/en\/impressum\/","title":{"rendered":"Impressum"},"content":{"rendered":"<div class=\"wpb-content-wrapper\"><p>[vc_row][vc_column][vc_empty_space height=&#8221;80px&#8221;][vc_column_text css=&#8221;&#8221;]<strong>UPPERCUT GmbH<\/strong><\/p>\n<p>Lakeside B06<br \/>\n9020 Klagenfurt \/ Austria<br \/>\nTel: +43 463 287 222<br \/>\nFax:+43 463 287 222 20<\/p>\n<p><a href=\"mailto:hello@eqwomediahouse.com\">hello@eqwomediahouse.com<\/a><br \/>\n<a href=\"http:\/\/www.eqwomediahouse.com\">www.eqwomediahouse.com<\/a><\/p>\n<p>Firmenbuchnummer: FN 396810 w<\/p>\n<p>Firmenbuchgericht: Landesgericht Klagenfurt<br \/>\nUSt-ID: ATU 67944549<\/p>\n<p>zust\u00e4ndige Regulierungsbeh\u00f6rde gem\u00e4\u00df \u00a7 29 Abs. 2 AMD-G:<\/p>\n<p>Kommunikationsbeh\u00f6rde Austria<br \/>\nA-1060 Wien, Mariahilfer Stra\u00dfe 77-79<br \/>\nTel.: <a href=\"tel:+43%201%2058058\">+43 (0) 1 58058<\/a> \u2013 0<br \/>\nFax: <a href=\"tel:+43%201%20580589191\">+43 (0) 1 58058 \u2013 9191<\/a><br \/>\nE-Mail: <a href=\"mailto:rtr@rtr.at\">rtr@rtr.at<\/a><\/p>\n<p><strong>Fotos: \u00a9 Tomas Holcbecher, \u00a9 Herv\u00e8 Bonnaud<\/strong>[\/vc_column_text][\/vc_column][\/vc_row]<\/p>\n<\/div>","protected":false},"excerpt":{"rendered":"<p>[vc_row][vc_column][vc_empty_space height=&#8221;80px&#8221;][vc_column_text css=&#8221;&#8221;]UPPERCUT GmbH Lakeside B06 9020 Klagenfurt \/ Austria Tel: +43 463 287 222 Fax:+43 463 287 222 20 hello@eqwomediahouse.com www.eqwomediahouse.com Firmenbuchnummer: FN 396810 w Firmenbuchgericht: Landesgericht Klagenfurt USt-ID: ATU 67944549 zust\u00e4ndige Regulierungsbeh\u00f6rde gem\u00e4\u00df \u00a7 29 Abs. 2 AMD-G: Kommunikationsbeh\u00f6rde Austria A-1060 Wien, Mariahilfer Stra\u00dfe 77-79 Tel.: +43 (0) 1 58058 \u2013 0 Fax: [&hellip;]<\/p>\n","protected":false},"author":8,"featured_media":0,"parent":0,"menu_order":0,"comment_status":"closed","ping_status":"closed","template":"","meta":{"footnotes":""},"class_list":["post-200","page","type-page","status-publish","hentry"],"_links":{"self":[{"href":"https:\/\/eqwomediahouse.com\/en\/wp-json\/wp\/v2\/pages\/200","targetHints":{"allow":["GET"]}}],"collection":[{"href":"https:\/\/eqwomediahouse.com\/en\/wp-json\/wp\/v2\/pages"}],"about":[{"href":"https:\/\/eqwomediahouse.com\/en\/wp-json\/wp\/v2\/types\/page"}],"author":[{"embeddable":true,"href":"https:\/\/eqwomediahouse.com\/en\/wp-json\/wp\/v2\/users\/8"}],"replies":[{"embeddable":true,"href":"https:\/\/eqwomediahouse.com\/en\/wp-json\/wp\/v2\/comments?post=200"}],"version-history":[{"count":2,"href":"https:\/\/eqwomediahouse.com\/en\/wp-json\/wp\/v2\/pages\/200\/revisions"}],"predecessor-version":[{"id":367,"href":"https:\/\/eqwomediahouse.com\/en\/wp-json\/wp\/v2\/pages\/200\/revisions\/367"}],"wp:attachment":[{"href":"https:\/\/eqwomediahouse.com\/en\/wp-json\/wp\/v2\/media?parent=200"}],"curies":[{"name":"wp","href":"https:\/\/api.w.org\/{rel}","templated":true}]}}